{"id":37181,"date":"2019-06-08T10:50:43","date_gmt":"2019-06-08T10:50:43","guid":{"rendered":"https:\/\/www.abcmedicalpr.com\/?post_type=product&#038;p=37181"},"modified":"2019-06-08T10:51:25","modified_gmt":"2019-06-08T10:51:25","slug":"unisex-mild-support-open-toe-knee-high-2","status":"publish","type":"product","link":"https:\/\/www.abcmedicalpr.com\/?product=unisex-mild-support-open-toe-knee-high-2","title":{"rendered":"Unisex Mild Support Open-Toe Knee High"},"content":{"rendered":"<p><strong>EASE by Therafirm\u00ae Caracter\u00edstica de rodilla opaca con puntera abierta unisex:<\/strong><\/p>\n<p>Hilos ultra el\u00e1sticos para prendas que son m\u00e1s f\u00e1ciles de poner y m\u00e1s c\u00f3modas de usar<\/p>\n<p>La verdadera compresi\u00f3n de gradiente probada en laboratorio disminuye gradualmente hacia la parte superior de la media para promover el flujo de sangre<\/p>\n<p>La banda suave y c\u00f3moda no es restrictiva mientras permanece en su lugar todo el d\u00eda<\/p>\n<p>Las fibras CoolMax que absorben la humedad brindan un frescor seco y c\u00f3modo<\/p>\n<p>Material opaco s\u00faper suave y transpirable<\/p>\n<p>Banda lisa en punta abierta para mayor comodidad y durabilidad<\/p>\n<p>Disponible en longitudes cortas y largas para un mejor ajuste<\/p>\n<p>Hecho 100% en los Estados Unidos.<\/p>\n<p>CoolMax Nylon \/ Lycra<\/p>\n<p>Lavar a mano en agua tibia o fr\u00eda con detergente suave. Para establecer planos seco.<\/p>\n<p>&nbsp;<\/p>\n<p>COOLMAX\u00ae y LYCRA\u00ae son marcas registradas de INVISTA<\/p>\n<p>&nbsp;<\/p>\n<p><strong>* CONTRAINDICACIONES:<\/strong> Los productos de compresi\u00f3n no deben usarse y est\u00e1n contraindicados si tiene alguna de las siguientes afecciones: Insuficiencia arterial grave, infecciones cut\u00e1neas, dermatitis aguda, dermatosis h\u00fameda, insuficiencia card\u00edaca congestiva no controlada, irritaci\u00f3n de la piel, alergias a los tintes.<\/p>\n<p>&nbsp;<\/p>\n<p>** La compresi\u00f3n media para un tama\u00f1o promedio de tobillo.<\/p>\n<p><strong>50710 Therafirm Ease 20-30 mmHg Open Toe Knee High \u00a0\u00a0\u00a0\u00a0\u00a0\u00a0\u00a0\u00a0\u00a0\u00a0\u00a0\u00a0\u00a0 SAND \u00a0\u00a0 SM\u00a0\u00a0\u00a0\u00a0\u00a0\u00a0\u00a0\u00a0 $59.99<\/strong><\/p>\n<p><strong>50720 Therafirm Ease 20-30 mmHg Open Toe Knee High \u00a0\u00a0\u00a0\u00a0\u00a0\u00a0\u00a0\u00a0\u00a0\u00a0\u00a0\u00a0\u00a0 SAND \u00a0\u00a0 MD\u00a0\u00a0\u00a0\u00a0\u00a0\u00a0\u00a0\u00a0 $59.99<\/strong><\/p>\n<p><strong>50730 Therafirm Ease 20-30 mmHg Open Toe Knee High \u00a0\u00a0\u00a0\u00a0\u00a0\u00a0\u00a0\u00a0\u00a0\u00a0\u00a0\u00a0\u00a0 SAND \u00a0\u00a0 LG\u00a0\u00a0\u00a0\u00a0\u00a0\u00a0\u00a0\u00a0\u00a0\u00a0 $59.99<\/strong><\/p>\n<p><strong>50740 Therafirm Ease 20-30 mmHg Open Toe Knee High \u00a0\u00a0\u00a0\u00a0\u00a0\u00a0\u00a0\u00a0\u00a0\u00a0\u00a0\u00a0\u00a0 SAND \u00a0\u00a0 XL\u00a0\u00a0\u00a0\u00a0\u00a0\u00a0\u00a0\u00a0\u00a0\u00a0 $59.99<\/strong><\/p>\n<p>&nbsp;<\/p>\n<p><strong>COMO MEDIR<\/strong><\/p>\n<p><strong>Gu\u00eda de medici\u00f3n para medias de compresi\u00f3n<\/strong><\/p>\n<p>Medici\u00f3n de sus piernas para medias de compresi\u00f3n, medias de apoyo, manguera de soporte y medias de compresi\u00f3n de degradado :.<\/p>\n<p>Para rodillas: mida alrededor de su tobillo y pantorrilla. Luego, mida la distancia desde el piso hasta la parte posterior de su rodilla.<\/p>\n<p>Para muslo y pantimedias: mida alrededor de su tobillo, pantorrilla y parte superior del muslo. Luego, mida la distancia desde el piso hasta la parte superior del muslo (parte inferior de sus nalgas).<\/p>\n<p>Un consejo de medici\u00f3n importante \u2026<\/p>\n<p>Si la hinchaz\u00f3n es un problema para usted, mida sus piernas, a primera hora de la ma\u00f1ana, despu\u00e9s de levantarse de la cama. Esto es cuando la hinchaz\u00f3n es m\u00ednima, y \u200b\u200bel tama\u00f1o de sus piernas debe permanecer una vez que se elimina la inflamaci\u00f3n. Cada uno de nuestros productos de compresi\u00f3n tiene una tabla de tallas en la p\u00e1gina del producto.<\/p>\n<p><strong>Tobillo\u00a0<\/strong><\/p>\n<p>Mida alrededor del tobillo en el punto m\u00e1s angosto, generalmente sobre el hueso del tobillo.<\/p>\n<p><strong>PANTORRILLA<\/strong><\/p>\n<p>Mida alrededor del m\u00fasculo de la pantorrilla en la parte m\u00e1s ancha. PANTORRILLA<\/p>\n<p><strong>LONGITUD<\/strong><\/p>\n<p>Mida desde el suelo hasta la curva detr\u00e1s de la rodilla. Longitud<\/p>\n<p><strong>MUSLO<\/strong><\/p>\n<p>Medida alrededor del muslo aprox. 3 \u201cdebajo del pliegue gl\u00fateo (pliegue de las nalgas). Muslo<\/p>\n<p><strong>LONGITUD DE ALTOS<\/strong><\/p>\n<p>Mida la distancia desde la parte inferior de sus nalgas hasta el piso. Muslo<\/p>\n<p>Los tama\u00f1os pueden diferir entre varias marcas de medias de soporte. Tenga en cuenta que cada fabricante de manguera de soporte tiene su propia tabla de tallas. Un tama\u00f1o mediano en una marca de medias de circulaci\u00f3n, puede no ser un medio en otra. Algunas marcas de medias de compresi\u00f3n ofrecen longitudes peque\u00f1as (m\u00e1s cortas), mientras que otras no. Conocer sus medidas le asegurar\u00e1 que obtenga medias de compresi\u00f3n que se ajusten de manera adecuada y c\u00f3moda.<\/p>\n","protected":false},"excerpt":{"rendered":"<p>Las nuevas EASE de Therafirm\u00aeunisex abiertas de EASE by Therafirm\u00ae est\u00e1n dise\u00f1adas para ayudar a prevenir el edema, la TVP y las molestias en las piernas, prevenir o tratar las varices leves y aliviar las piernas pesadas, cansadas y adoloridas. * Con una banda suave de punto para un uso c\u00f3modo durante todo el d\u00eda y una banda lisa abierta para mayor comodidad y durabilidad.<\/p>\n<p>EASE by Therafirm\u00ae Unisex Open-Toe Opaque Knee Highs se fabrican con un nivel de soporte graduado de 20-30 mmHg.<\/p>\n<p>&nbsp;<\/p>\n","protected":false},"featured_media":37182,"comment_status":"open","ping_status":"closed","template":"","meta":[],"product_brand":[],"product_cat":[171,168],"product_tag":[],"class_list":{"0":"post-37181","1":"product","2":"type-product","3":"status-publish","4":"has-post-thumbnail","6":"product_cat-20-30","7":"product_cat-medias-compresion","8":"description-off","10":"first","11":"instock","12":"shipping-taxable","13":"purchasable","14":"product-type-variable"},"_links":{"self":[{"href":"https:\/\/www.abcmedicalpr.com\/index.php?rest_route=\/wp\/v2\/product\/37181","targetHints":{"allow":["GET"]}}],"collection":[{"href":"https:\/\/www.abcmedicalpr.com\/index.php?rest_route=\/wp\/v2\/product"}],"about":[{"href":"https:\/\/www.abcmedicalpr.com\/index.php?rest_route=\/wp\/v2\/types\/product"}],"replies":[{"embeddable":true,"href":"https:\/\/www.abcmedicalpr.com\/index.php?rest_route=%2Fwp%2Fv2%2Fcomments&post=37181"}],"wp:featuredmedia":[{"embeddable":true,"href":"https:\/\/www.abcmedicalpr.com\/index.php?rest_route=\/wp\/v2\/media\/37182"}],"wp:attachment":[{"href":"https:\/\/www.abcmedicalpr.com\/index.php?rest_route=%2Fwp%2Fv2%2Fmedia&parent=37181"}],"wp:term":[{"taxonomy":"product_brand","embeddable":true,"href":"https:\/\/www.abcmedicalpr.com\/index.php?rest_route=%2Fwp%2Fv2%2Fproduct_brand&post=37181"},{"taxonomy":"product_cat","embeddable":true,"href":"https:\/\/www.abcmedicalpr.com\/index.php?rest_route=%2Fwp%2Fv2%2Fproduct_cat&post=37181"},{"taxonomy":"product_tag","embeddable":true,"href":"https:\/\/www.abcmedicalpr.com\/index.php?rest_route=%2Fwp%2Fv2%2Fproduct_tag&post=37181"}],"curies":[{"name":"wp","href":"https:\/\/api.w.org\/{rel}","templated":true}]}}