{"id":37099,"date":"2019-06-07T12:18:50","date_gmt":"2019-06-07T12:18:50","guid":{"rendered":"https:\/\/www.abcmedicalpr.com\/?post_type=product&#038;p=37099"},"modified":"2019-06-07T12:25:35","modified_gmt":"2019-06-07T12:25:35","slug":"mens-mild-trouser-sock","status":"publish","type":"product","link":"https:\/\/www.abcmedicalpr.com\/?product=mens-mild-trouser-sock","title":{"rendered":"Men&#8217;s Mild Trouser Sock"},"content":{"rendered":"<p><strong>Caracter\u00edsticas de Calcetines para pantalones EAS by Therafirm\u00ae para hombres<\/strong><\/p>\n<p>15-20 mmHg (la compresi\u00f3n media para un tama\u00f1o promedio de tobillo)<\/p>\n<p>Hilos ultra el\u00e1sticos para facilitar la colocaci\u00f3n.<\/p>\n<p>La banda de confort suave no es restrictiva mientras se mantiene en su lugar todo el d\u00eda<\/p>\n<p>Puntera y tal\u00f3n reforzados.<\/p>\n<p>Costura suave del dedo del pie<\/p>\n<p>Absorci\u00f3n de la humedad que proporciona un frescor seco y c\u00f3modo.<\/p>\n<p>Nylon, mezcla de lycra<\/p>\n<p>Lavar a mano en agua tibia o fr\u00eda con detergente suave. Evite la exposici\u00f3n prolongada al calor.<\/p>\n<p>100% hecho en Estados Unidos<\/p>\n<p>&nbsp;<\/p>\n<p>Aseg\u00farese de usar la tabla de tallas y las instrucciones de medici\u00f3n para determinar el mejor tama\u00f1o y ajuste.<\/p>\n<p>&nbsp;<\/p>\n<p><strong>* CONTRAINDICACIONES:<\/strong> Los productos de compresi\u00f3n no deben usarse y est\u00e1n contraindicados si tiene alguna de las siguientes afecciones: Insuficiencia arterial grave, infecciones cut\u00e1neas, dermatitis aguda, dermatosis h\u00fameda, insuficiencia card\u00edaca congestiva no controlada, irritaci\u00f3n de la piel, alergias a los tintes.<\/p>\n<p>&nbsp;<\/p>\n<p>&nbsp;<\/p>\n<p><strong>52815 Therafirm Ease 15-20 mmHg Men&#8217;s Mild Trouser Sock\u00a0\u00a0\u00a0\u00a0\u00a0 BLK\u00a0\u00a0\u00a0\u00a0\u00a0\u00a0\u00a0\u00a0 SM\u00a0\u00a0\u00a0\u00a0\u00a0\u00a0\u00a0\u00a0 $29.99<\/strong><\/p>\n<p><strong>52825 Therafirm Ease 15-20 mmHg Men&#8217;s Mild Trouser Sock\u00a0\u00a0\u00a0\u00a0\u00a0 BLK\u00a0\u00a0\u00a0\u00a0\u00a0\u00a0\u00a0\u00a0 MD\u00a0\u00a0\u00a0\u00a0\u00a0\u00a0\u00a0\u00a0 $29.99<\/strong><\/p>\n<p><strong>52835 Therafirm Ease 15-20 mmHg Men&#8217;s Mild Trouser Sock\u00a0\u00a0\u00a0\u00a0\u00a0 BLACK\u00a0\u00a0 LG\u00a0\u00a0\u00a0\u00a0\u00a0\u00a0\u00a0\u00a0\u00a0\u00a0 $29.99<\/strong><\/p>\n<p><strong>52845 Therafirm Ease 15-20 mmHg Men&#8217;s Mild Trouser Sock\u00a0\u00a0\u00a0\u00a0\u00a0 BLACK\u00a0\u00a0 XL\u00a0\u00a0\u00a0\u00a0\u00a0\u00a0\u00a0\u00a0\u00a0\u00a0 $29.99<\/strong><\/p>\n<p><strong>\u00a0<\/strong><\/p>\n<p><strong>52817 Therafirm Ease 15-20 mmHg Men&#8217;s Mild Trouser Sock\u00a0\u00a0\u00a0\u00a0\u00a0 NAVY\u00a0\u00a0\u00a0 SM\u00a0\u00a0\u00a0\u00a0\u00a0\u00a0\u00a0\u00a0 $29.99<\/strong><\/p>\n<p><strong>52827 Therafirm Ease 15-20 mmHg Men&#8217;s Mild Trouser Sock\u00a0\u00a0\u00a0\u00a0\u00a0 NAVY\u00a0\u00a0\u00a0 MD\u00a0\u00a0\u00a0\u00a0\u00a0\u00a0\u00a0\u00a0 $29.99<\/strong><\/p>\n<p><strong>52837 Therafirm Ease 15-20 mmHg Men&#8217;s Mild Trouser Sock\u00a0\u00a0\u00a0\u00a0\u00a0 NAVY\u00a0\u00a0\u00a0 LG\u00a0\u00a0\u00a0\u00a0\u00a0\u00a0\u00a0\u00a0\u00a0\u00a0 $29.99<\/strong><\/p>\n<p><strong>52847 Therafirm Ease 15-20 mmHg Men&#8217;s Mild Trouser Sock\u00a0\u00a0\u00a0\u00a0\u00a0 NAVY\u00a0\u00a0\u00a0 XL\u00a0\u00a0\u00a0\u00a0\u00a0\u00a0\u00a0\u00a0\u00a0\u00a0 $29.99<\/strong><\/p>\n<p><strong>\u00a0<\/strong><\/p>\n<p><strong>52819 Therafirm Ease 15-20 mmHg Men&#8217;s Mild Trouser Sock\u00a0\u00a0\u00a0\u00a0\u00a0 KHAKI\u00a0\u00a0 SM\u00a0\u00a0\u00a0\u00a0\u00a0\u00a0\u00a0\u00a0 $29.99<\/strong><\/p>\n<p><strong>52829 Therafirm Ease 15-20 mmHg Men&#8217;s Mild Trouser Sock\u00a0\u00a0\u00a0\u00a0\u00a0 KHAKI\u00a0\u00a0 MD\u00a0\u00a0\u00a0\u00a0\u00a0\u00a0\u00a0\u00a0 $29.99<\/strong><\/p>\n<p><strong>52839 Therafirm Ease 15-20 mmHg Men&#8217;s Mild Trouser Sock\u00a0\u00a0\u00a0\u00a0\u00a0 KHAKI\u00a0\u00a0 LG\u00a0\u00a0\u00a0\u00a0\u00a0\u00a0\u00a0\u00a0\u00a0\u00a0 $29.99<\/strong><\/p>\n<p><strong>52849 Therafirm Ease 15-20 mmHg Men&#8217;s Mild Trouser Sock\u00a0\u00a0\u00a0\u00a0\u00a0 KHAKI\u00a0\u00a0 XL\u00a0\u00a0\u00a0\u00a0\u00a0\u00a0\u00a0\u00a0\u00a0\u00a0 $29.99<\/strong><\/p>\n<p>&nbsp;<\/p>\n<p><strong>COMO MEDIR<\/strong><\/p>\n<p><strong>Gu\u00eda de medici\u00f3n para medias de compresi\u00f3n<\/strong><\/p>\n<p>Medici\u00f3n de sus piernas para medias de compresi\u00f3n, medias de apoyo, manguera de soporte y medias de compresi\u00f3n de degradado :.<\/p>\n<p>Para rodillas: mida alrededor de su tobillo y pantorrilla. Luego, mida la distancia desde el piso hasta la parte posterior de su rodilla.<\/p>\n<p>Para muslo y pantimedias: mida alrededor de su tobillo, pantorrilla y parte superior del muslo. Luego, mida la distancia desde el piso hasta la parte superior del muslo (parte inferior de sus nalgas).<\/p>\n<p>Un consejo de medici\u00f3n importante \u2026<\/p>\n<p>Si la hinchaz\u00f3n es un problema para usted, mida sus piernas, a primera hora de la ma\u00f1ana, despu\u00e9s de levantarse de la cama. Esto es cuando la hinchaz\u00f3n es m\u00ednima, y \u200b\u200bel tama\u00f1o de sus piernas debe permanecer una vez que se elimina la inflamaci\u00f3n. Cada uno de nuestros productos de compresi\u00f3n tiene una tabla de tallas en la p\u00e1gina del producto.<\/p>\n<p><strong>Tobillo\u00a0<\/strong><\/p>\n<p>Mida alrededor del tobillo en el punto m\u00e1s angosto, generalmente sobre el hueso del tobillo.<\/p>\n<p><strong>PANTORRILLA<\/strong><\/p>\n<p>Mida alrededor del m\u00fasculo de la pantorrilla en la parte m\u00e1s ancha. PANTORRILLA<\/p>\n<p><strong>LONGITUD<\/strong><\/p>\n<p>Mida desde el suelo hasta la curva detr\u00e1s de la rodilla. Longitud<\/p>\n<p><strong>MUSLO<\/strong><\/p>\n<p>Medida alrededor del muslo aprox. 3 \u201cdebajo del pliegue gl\u00fateo (pliegue de las nalgas). Muslo<\/p>\n<p><strong>LONGITUD DE ALTOS<\/strong><\/p>\n<p>Mida la distancia desde la parte inferior de sus nalgas hasta el piso. Muslo<\/p>\n<p>Los tama\u00f1os pueden diferir entre varias marcas de medias de soporte. Tenga en cuenta que cada fabricante de manguera de soporte tiene su propia tabla de tallas. Un tama\u00f1o mediano en una marca de medias de circulaci\u00f3n, puede no ser un medio en otra. Algunas marcas de medias de compresi\u00f3n ofrecen longitudes peque\u00f1as (m\u00e1s cortas), mientras que otras no. Conocer sus medidas le asegurar\u00e1 que obtenga medias de compresi\u00f3n que se ajusten de manera adecuada y c\u00f3moda.<\/p>\n","protected":false},"excerpt":{"rendered":"<p>Los nuevos calcetines para hombre EASE by Therafirm\u00ae est\u00e1n dise\u00f1ados para ayudar a prevenir el edema, la TVP y las molestias en las piernas, previenen o tratan las varices leves y alivian las piernas pesadas, cansadas y adoloridas. * Con una parte superior suave y c\u00f3moda que permanece en su lugar Todo el d\u00eda y puntera y tal\u00f3n reforzados para mayor durabilidad. \u00a1Mejor ajuste promovido con longitudes cortas y largas!<\/p>\n<p>Calcetines de pantal\u00f3n para hombre EASE by Therafirm\u00ae Mild Support<\/p>\n<p>La compresi\u00f3n de gradiente real proporciona una cantidad controlada de presi\u00f3n m\u00e1xima en el tobillo y disminuye gradualmente hacia la parte superior de la media para promover un mejor flujo sangu\u00edneo.<\/p>\n","protected":false},"featured_media":37100,"comment_status":"open","ping_status":"closed","template":"","meta":[],"product_brand":[],"product_cat":[170,168],"product_tag":[],"class_list":{"0":"post-37099","1":"product","2":"type-product","3":"status-publish","4":"has-post-thumbnail","6":"product_cat-15-20","7":"product_cat-medias-compresion","8":"description-off","10":"first","11":"instock","12":"shipping-taxable","13":"purchasable","14":"product-type-variable"},"_links":{"self":[{"href":"https:\/\/www.abcmedicalpr.com\/index.php?rest_route=\/wp\/v2\/product\/37099","targetHints":{"allow":["GET"]}}],"collection":[{"href":"https:\/\/www.abcmedicalpr.com\/index.php?rest_route=\/wp\/v2\/product"}],"about":[{"href":"https:\/\/www.abcmedicalpr.com\/index.php?rest_route=\/wp\/v2\/types\/product"}],"replies":[{"embeddable":true,"href":"https:\/\/www.abcmedicalpr.com\/index.php?rest_route=%2Fwp%2Fv2%2Fcomments&post=37099"}],"wp:featuredmedia":[{"embeddable":true,"href":"https:\/\/www.abcmedicalpr.com\/index.php?rest_route=\/wp\/v2\/media\/37100"}],"wp:attachment":[{"href":"https:\/\/www.abcmedicalpr.com\/index.php?rest_route=%2Fwp%2Fv2%2Fmedia&parent=37099"}],"wp:term":[{"taxonomy":"product_brand","embeddable":true,"href":"https:\/\/www.abcmedicalpr.com\/index.php?rest_route=%2Fwp%2Fv2%2Fproduct_brand&post=37099"},{"taxonomy":"product_cat","embeddable":true,"href":"https:\/\/www.abcmedicalpr.com\/index.php?rest_route=%2Fwp%2Fv2%2Fproduct_cat&post=37099"},{"taxonomy":"product_tag","embeddable":true,"href":"https:\/\/www.abcmedicalpr.com\/index.php?rest_route=%2Fwp%2Fv2%2Fproduct_tag&post=37099"}],"curies":[{"name":"wp","href":"https:\/\/api.w.org\/{rel}","templated":true}]}}