{"id":37077,"date":"2019-06-07T11:47:01","date_gmt":"2019-06-07T11:47:01","guid":{"rendered":"https:\/\/www.abcmedicalpr.com\/?post_type=product&#038;p=37077"},"modified":"2021-05-26T17:43:00","modified_gmt":"2021-05-26T17:43:00","slug":"cirrus-5-oxygen-concentrator","status":"publish","type":"product","link":"https:\/\/www.abcmedicalpr.com\/?product=cirrus-5-oxygen-concentrator","title":{"rendered":"Stratus 5 Oxygen Concentrator"},"content":{"rendered":"<p>CARACTERISTICAS:<\/p>\n<ul>\n<li>Concentraci\u00f3n de pureza de ox\u00edgeno del 93% (+ 3%, -2%)<\/li>\n<li>Rango de flujo de ox\u00edgeno de .5 &#8211; 5 l \/ min<\/li>\n<li>Funcionamiento silencioso de menos de 40 decibelios para nivel de sonido<\/li>\n<li>Monitor de ox\u00edgeno incorporado con indicadores LED de f\u00e1cil lectura para su tranquilidad<\/li>\n<li>Bajo mantenimiento y alta presi\u00f3n de salida para una r\u00e1pida entrega de ox\u00edgeno<\/li>\n<\/ul>\n<p>Las alarmas para el concentrador de ox\u00edgeno Cirrus 5 alertar\u00e1n al paciente de cualquier p\u00e9rdida de potencia en la m\u00e1quina, cambios dr\u00e1sticos en los niveles de presi\u00f3n, niveles bajos de concentraci\u00f3n de ox\u00edgeno y advertencias de temperatura interna.<\/p>\n<p>&nbsp;<\/p>\n<p><strong>STR1005\u00a0 \u00a0 \u00a0 \u00a0 Stratus 5 Oxygen Concentrator \u00a0\u00a0\u00a0\u00a0\u00a0\u00a0\u00a0\u00a0\u00a0\u00a0 $825.00 43lbs\u00a0\u00a0\u00a0\u00a0 13.5 x 16 x 24 FREE SHIPPING<\/strong><\/p>\n<p><strong>Modelo: Stratus 5<\/strong><\/p>\n<p><strong>Voltaje de operaci\u00f3n (V \/ Hz): CA 120V \/ 60Hz<\/strong><\/p>\n<p><strong>Flujo de ox\u00edgeno (L \/ mln): 5 LPM &#8211; 5 LPMConcentraci\u00f3n de ox\u00edgeno (%) 93% + 3% -2%<\/strong><\/p>\n<p><strong>Presi\u00f3n de salida (psi) 5 &#8211; 10<\/strong><\/p>\n<p><strong>Alarma Fallo de alimentaci\u00f3n, baja y alta presi\u00f3n, temperatura, baja pureza.<\/strong><\/p>\n<p><strong>Nivel de sonido (dB (A)) &lt;40<\/strong><\/p>\n<p><strong>Pantalla LCD Tiempo de acumulaci\u00f3n (rango: 0-99999 horas)<\/strong><\/p>\n<p><strong>Pantalla LCD tiempos de conmutaci\u00f3n; presi\u00f3n digital (precisi\u00f3n: 0.001MPa)<\/strong><\/p>\n<p><strong>Sensor de pureza digital<\/strong><\/p>\n<p><strong>Categor\u00eda el\u00e9ctrica: Clase II Tipo B<\/strong><\/p>\n<p><strong>Peso Neto (Lbs) 37<\/strong><\/p>\n<p><strong>Dimensiones: 14 \u2033 (W) x 12 \u2033 (D) x 21 \u2033 (H)<\/strong><\/p>\n<p><strong>\u00a0<\/strong><\/p>\n<p><strong>(OCI) Indicador de concentraci\u00f3n de ox\u00edgeno Cuando la pureza del ox\u00edgeno es &lt;\/ = 85% La l\u00e1mpara azul est\u00e1 encendida. Cuando la pureza del ox\u00edgeno es &lt;85%, la l\u00e1mpara roja est\u00e1 encendida, lo que indica una pureza baja<\/strong><\/p>\n","protected":false},"excerpt":{"rendered":"<p>El concentrador de ox\u00edgeno Stratus 5 producido por 3B &#x2122; Medical Solutions puede suministrar a un paciente con ox\u00edgeno constante en un flujo ajustable, seguro, confiable, de bajo costo.<\/p>\n<p>Este concentrador est\u00e1 cuidadosamente dise\u00f1ado teniendo en cuenta el rendimiento y la fiabilidad, incluidas caracter\u00edsticas \u00fanicas, como un innovador sistema de refrigeraci\u00f3n para proteger los lechos de tamices y un monitor de pureza de ox\u00edgeno.<\/p>\n<p>El bajo mantenimiento, el funcionamiento ultra silencioso y la mayor presi\u00f3n de salida para garantizar una entrega adecuada hacen que esta unidad sea ideal para su uso en hogares, instituciones, veh\u00edculos y otros entornos m\u00f3viles diversos.<\/p>\n<p>&nbsp;<\/p>\n","protected":false},"featured_media":37326,"comment_status":"open","ping_status":"closed","template":"","meta":[],"product_brand":[],"product_cat":[164],"product_tag":[],"class_list":{"0":"post-37077","1":"product","2":"type-product","3":"status-publish","4":"has-post-thumbnail","6":"product_cat-oxigeno","7":"description-off","9":"first","10":"instock","11":"featured","12":"shipping-taxable","13":"purchasable","14":"product-type-simple"},"_links":{"self":[{"href":"https:\/\/www.abcmedicalpr.com\/index.php?rest_route=\/wp\/v2\/product\/37077","targetHints":{"allow":["GET"]}}],"collection":[{"href":"https:\/\/www.abcmedicalpr.com\/index.php?rest_route=\/wp\/v2\/product"}],"about":[{"href":"https:\/\/www.abcmedicalpr.com\/index.php?rest_route=\/wp\/v2\/types\/product"}],"replies":[{"embeddable":true,"href":"https:\/\/www.abcmedicalpr.com\/index.php?rest_route=%2Fwp%2Fv2%2Fcomments&post=37077"}],"wp:featuredmedia":[{"embeddable":true,"href":"https:\/\/www.abcmedicalpr.com\/index.php?rest_route=\/wp\/v2\/media\/37326"}],"wp:attachment":[{"href":"https:\/\/www.abcmedicalpr.com\/index.php?rest_route=%2Fwp%2Fv2%2Fmedia&parent=37077"}],"wp:term":[{"taxonomy":"product_brand","embeddable":true,"href":"https:\/\/www.abcmedicalpr.com\/index.php?rest_route=%2Fwp%2Fv2%2Fproduct_brand&post=37077"},{"taxonomy":"product_cat","embeddable":true,"href":"https:\/\/www.abcmedicalpr.com\/index.php?rest_route=%2Fwp%2Fv2%2Fproduct_cat&post=37077"},{"taxonomy":"product_tag","embeddable":true,"href":"https:\/\/www.abcmedicalpr.com\/index.php?rest_route=%2Fwp%2Fv2%2Fproduct_tag&post=37077"}],"curies":[{"name":"wp","href":"https:\/\/api.w.org\/{rel}","templated":true}]}}