{"id":37075,"date":"2019-06-07T11:41:39","date_gmt":"2019-06-07T11:41:39","guid":{"rendered":"https:\/\/www.abcmedicalpr.com\/?post_type=product&#038;p=37075"},"modified":"2025-09-19T13:56:40","modified_gmt":"2025-09-19T13:56:40","slug":"allkare-adhesive-remover-wipe","status":"publish","type":"product","link":"https:\/\/www.abcmedicalpr.com\/?product=allkare-adhesive-remover-wipe","title":{"rendered":"AllKare\u00ae Adhesive Remover Wipe"},"content":{"rendered":"","protected":false},"excerpt":{"rendered":"<p>Las Toallitas Removedoras de Adhesivo AllKare\u00ae brindan una capa de pel\u00edcula de barrera en la piel debajo de las cintas, las barreras de la piel, los adhesivos y los ap\u00f3sitos hidrocoloides para ayudar a proteger contra la irritaci\u00f3n, la excoriaci\u00f3n y la acumulaci\u00f3n de adhesivo. Las toallitas removedoras de adhesivo AllKare\u00ae eliminan suavemente todos los adhesivos, incluidas las barreras cut\u00e1neas, las cintas y los ap\u00f3sitos hidrocoloides.<\/p>\n<p><strong>037443 Adhesive Remover Wipe<\/strong><\/p>\n<p>Quantity: 100 per box<\/p>\n","protected":false},"featured_media":37076,"comment_status":"open","ping_status":"closed","template":"","meta":[],"product_brand":[],"product_cat":[167,178],"product_tag":[],"class_list":{"0":"post-37075","1":"product","2":"type-product","3":"status-publish","4":"has-post-thumbnail","6":"product_cat-colostomia","7":"product_cat-suplido","8":"description-off","10":"first","11":"outofstock","12":"shipping-taxable","13":"purchasable","14":"product-type-simple"},"_links":{"self":[{"href":"https:\/\/www.abcmedicalpr.com\/index.php?rest_route=\/wp\/v2\/product\/37075","targetHints":{"allow":["GET"]}}],"collection":[{"href":"https:\/\/www.abcmedicalpr.com\/index.php?rest_route=\/wp\/v2\/product"}],"about":[{"href":"https:\/\/www.abcmedicalpr.com\/index.php?rest_route=\/wp\/v2\/types\/product"}],"replies":[{"embeddable":true,"href":"https:\/\/www.abcmedicalpr.com\/index.php?rest_route=%2Fwp%2Fv2%2Fcomments&post=37075"}],"wp:featuredmedia":[{"embeddable":true,"href":"https:\/\/www.abcmedicalpr.com\/index.php?rest_route=\/wp\/v2\/media\/37076"}],"wp:attachment":[{"href":"https:\/\/www.abcmedicalpr.com\/index.php?rest_route=%2Fwp%2Fv2%2Fmedia&parent=37075"}],"wp:term":[{"taxonomy":"product_brand","embeddable":true,"href":"https:\/\/www.abcmedicalpr.com\/index.php?rest_route=%2Fwp%2Fv2%2Fproduct_brand&post=37075"},{"taxonomy":"product_cat","embeddable":true,"href":"https:\/\/www.abcmedicalpr.com\/index.php?rest_route=%2Fwp%2Fv2%2Fproduct_cat&post=37075"},{"taxonomy":"product_tag","embeddable":true,"href":"https:\/\/www.abcmedicalpr.com\/index.php?rest_route=%2Fwp%2Fv2%2Fproduct_tag&post=37075"}],"curies":[{"name":"wp","href":"https:\/\/api.w.org\/{rel}","templated":true}]}}