{"id":37069,"date":"2019-06-07T11:36:05","date_gmt":"2019-06-07T11:36:05","guid":{"rendered":"https:\/\/www.abcmedicalpr.com\/?post_type=product&#038;p=37069"},"modified":"2019-06-10T19:28:56","modified_gmt":"2019-06-10T19:28:56","slug":"little-ones-one-piece-drainable-pouch","status":"publish","type":"product","link":"https:\/\/www.abcmedicalpr.com\/?product=little-ones-one-piece-drainable-pouch","title":{"rendered":"Little Ones\u00ae One-Piece Drainable Pouch"},"content":{"rendered":"","protected":false},"excerpt":{"rendered":"<p>Con el sistema de ostom\u00eda Little Ones\u00ae de ConvaTec, encontrar el sistema de ostom\u00eda correcto es elemental. Cada producto ha sido especialmente dise\u00f1ado para adaptarse c\u00f3modamente a los contornos corporales \u00fanicos de un ni\u00f1o. Todos los productos Little Ones\u00ae son flexibles, duraderos y f\u00e1ciles de quitar.<\/p>\n<p><strong>020922 Little Ones\u00ae One-Piece Drainabl Pouch with Cut-to-Fit Stomahesive\u00ae Skin Barrier 8-50mm (5\u204416&#8243; &#8211; 2&#8243;) stoma opening<\/strong><\/p>\n<p>Quantity: 15 per box<\/p>\n","protected":false},"featured_media":37070,"comment_status":"open","ping_status":"closed","template":"","meta":[],"product_brand":[],"product_cat":[177,167],"product_tag":[],"class_list":{"0":"post-37069","1":"product","2":"type-product","3":"status-publish","4":"has-post-thumbnail","6":"product_cat-bolsas","7":"product_cat-colostomia","8":"description-off","10":"first","11":"instock","12":"shipping-taxable","13":"purchasable","14":"product-type-simple"},"_links":{"self":[{"href":"https:\/\/www.abcmedicalpr.com\/index.php?rest_route=\/wp\/v2\/product\/37069","targetHints":{"allow":["GET"]}}],"collection":[{"href":"https:\/\/www.abcmedicalpr.com\/index.php?rest_route=\/wp\/v2\/product"}],"about":[{"href":"https:\/\/www.abcmedicalpr.com\/index.php?rest_route=\/wp\/v2\/types\/product"}],"replies":[{"embeddable":true,"href":"https:\/\/www.abcmedicalpr.com\/index.php?rest_route=%2Fwp%2Fv2%2Fcomments&post=37069"}],"wp:featuredmedia":[{"embeddable":true,"href":"https:\/\/www.abcmedicalpr.com\/index.php?rest_route=\/wp\/v2\/media\/37070"}],"wp:attachment":[{"href":"https:\/\/www.abcmedicalpr.com\/index.php?rest_route=%2Fwp%2Fv2%2Fmedia&parent=37069"}],"wp:term":[{"taxonomy":"product_brand","embeddable":true,"href":"https:\/\/www.abcmedicalpr.com\/index.php?rest_route=%2Fwp%2Fv2%2Fproduct_brand&post=37069"},{"taxonomy":"product_cat","embeddable":true,"href":"https:\/\/www.abcmedicalpr.com\/index.php?rest_route=%2Fwp%2Fv2%2Fproduct_cat&post=37069"},{"taxonomy":"product_tag","embeddable":true,"href":"https:\/\/www.abcmedicalpr.com\/index.php?rest_route=%2Fwp%2Fv2%2Fproduct_tag&post=37069"}],"curies":[{"name":"wp","href":"https:\/\/api.w.org\/{rel}","templated":true}]}}