{"id":37012,"date":"2019-06-07T10:22:29","date_gmt":"2019-06-07T10:22:29","guid":{"rendered":"https:\/\/www.abcmedicalpr.com\/?post_type=product&#038;p=37012"},"modified":"2019-06-08T04:08:54","modified_gmt":"2019-06-08T04:08:54","slug":"panales-de-adultos","status":"publish","type":"product","link":"https:\/\/www.abcmedicalpr.com\/?product=panales-de-adultos","title":{"rendered":"Pa\u00f1ales de Adultos"},"content":{"rendered":"<p>66032BG\u00a0\u00a0\u00a0\u00a0\u00a0\u00a0\u00a0 Small Cintura 20\u201da 31\u201d\u00a0\u00a0\u00a0 \u00a0\u00a0\u00a0\u00a0\u00a0\u00a0\u00a0\u00a0\u00a0\u00a0\u00a0\u00a0\u00a0\u00a0\u00a0 12 paquete \u00a0\u00a0\u00a0\u00a0\u00a0\u00a0\u00a0 $10.99\u00a0\u00a0\u00a0\u00a0\u00a0\u00a0\u00a0\u00a0\u00a0\u00a0\u00a0\u00a0\u00a0\u00a0\u00a0\u00a0\u00a0\u00a0 2lbs\u00a0\u00a0\u00a0\u00a0\u00a0\u00a0\u00a0 3.22 x 3.975 x 2.783in<\/p>\n<p>66032\u00a0\u00a0\u00a0\u00a0\u00a0\u00a0\u00a0\u00a0\u00a0\u00a0\u00a0\u00a0\u00a0 Small Cintura 20\u201da 31\u201d\u00a0\u00a0\u00a0\u00a0\u00a0\u00a0\u00a0\u00a0\u00a0\u00a0\u00a0\u00a0\u00a0\u00a0\u00a0\u00a0\u00a0\u00a0\u00a0 96 Caja\u00a0\u00a0\u00a0\u00a0\u00a0\u00a0\u00a0\u00a0\u00a0\u00a0\u00a0\u00a0\u00a0\u00a0\u00a0\u00a0\u00a0 $44.99\u00a0\u00a0\u00a0\u00a0\u00a0\u00a0\u00a0\u00a0\u00a0\u00a0\u00a0\u00a0\u00a0\u00a0\u00a0\u00a0\u00a0\u00a0 14lbs\u00a0\u00a0\u00a0\u00a0\u00a0 20 x 14.4 x 13.4in<\/p>\n<p>66033BG\u00a0\u00a0\u00a0\u00a0\u00a0\u00a0\u00a0 Medium Cintura 32\u201da 44\u201d\u00a0\u00a0\u00a0\u00a0\u00a0\u00a0\u00a0\u00a0\u00a0\u00a0\u00a0\u00a0 12 Paquete\u00a0\u00a0\u00a0\u00a0\u00a0\u00a0\u00a0\u00a0 $10.99\u00a0\u00a0\u00a0\u00a0\u00a0\u00a0\u00a0\u00a0\u00a0\u00a0\u00a0\u00a0\u00a0\u00a0\u00a0\u00a0\u00a0\u00a0 2.4lbs\u00a0\u00a0\u00a0 3.22 x 3.975 x 2.783in<\/p>\n<p>66033\u00a0\u00a0\u00a0\u00a0\u00a0\u00a0\u00a0\u00a0\u00a0\u00a0\u00a0\u00a0\u00a0 Medium Cintura 32\u201da 44\u201d\u00a0\u00a0\u00a0\u00a0\u00a0\u00a0\u00a0\u00a0\u00a0\u00a0\u00a0\u00a0 96 Caja\u00a0\u00a0\u00a0\u00a0\u00a0\u00a0\u00a0\u00a0\u00a0\u00a0\u00a0\u00a0\u00a0\u00a0\u00a0\u00a0\u00a0 $44.99\u00a0\u00a0\u00a0\u00a0\u00a0\u00a0\u00a0\u00a0\u00a0\u00a0\u00a0\u00a0\u00a0\u00a0\u00a0\u00a0\u00a0\u00a0 19.2lbs\u00a0 22.7 x 13.4 x 16.6in<\/p>\n<p>66034BG\u00a0\u00a0\u00a0\u00a0\u00a0\u00a0\u00a0 Large Cintura 45\u201da 58\u201d\u00a0\u00a0\u00a0\u00a0\u00a0\u00a0\u00a0\u00a0\u00a0\u00a0\u00a0\u00a0\u00a0\u00a0\u00a0\u00a0\u00a0\u00a0\u00a0 18 Paquete\u00a0\u00a0\u00a0\u00a0\u00a0\u00a0\u00a0\u00a0 $12.99\u00a0\u00a0 \u00a0\u00a0\u00a0\u00a0\u00a0\u00a0\u00a0\u00a0\u00a0\u00a0\u00a0\u00a0\u00a0\u00a0\u00a0 4.16lbs\u00a0 12 x 8 x 11 in<\/p>\n<p>66034\u00a0\u00a0\u00a0\u00a0\u00a0\u00a0\u00a0\u00a0\u00a0\u00a0\u00a0\u00a0\u00a0 Large Cintura 45\u201da 58\u201d\u00a0\u00a0\u00a0\u00a0\u00a0\u00a0\u00a0\u00a0\u00a0\u00a0\u00a0\u00a0\u00a0\u00a0\u00a0\u00a0\u00a0\u00a0\u00a0 72 Caja\u00a0\u00a0\u00a0\u00a0\u00a0\u00a0\u00a0\u00a0\u00a0\u00a0\u00a0\u00a0\u00a0\u00a0\u00a0\u00a0\u00a0 $44.99\u00a0\u00a0\u00a0\u00a0\u00a0\u00a0\u00a0\u00a0\u00a0\u00a0\u00a0\u00a0\u00a0\u00a0\u00a0\u00a0\u00a0\u00a0 16.6lbs\u00a0 19.5 x 12.75 x 14.75 in<\/p>\n<p>66035BG\u00a0\u00a0\u00a0\u00a0\u00a0\u00a0\u00a0 X-large Cintura 59\u201da 64\u201d 15 Paquete\u00a0\u00a0\u00a0\u00a0\u00a0\u00a0\u00a0\u00a0 $12.99\u00a0\u00a0\u00a0\u00a0\u00a0\u00a0\u00a0\u00a0\u00a0\u00a0\u00a0\u00a0\u00a0\u00a0\u00a0\u00a0\u00a0\u00a0 3.5lbs\u00a0\u00a0\u00a0 11 x 8 11 in<\/p>\n<p>66035\u00a0\u00a0\u00a0\u00a0\u00a0\u00a0\u00a0\u00a0\u00a0\u00a0\u00a0\u00a0\u00a0 X-large Cintura 59\u201d a 64\u201d\u00a0\u00a0\u00a0\u00a0\u00a0\u00a0\u00a0\u00a0\u00a0\u00a0\u00a0\u00a0\u00a0\u00a0 60 Caja\u00a0\u00a0\u00a0\u00a0\u00a0\u00a0\u00a0\u00a0\u00a0\u00a0\u00a0\u00a0\u00a0\u00a0\u00a0\u00a0\u00a0 $44.99\u00a0\u00a0\u00a0\u00a0\u00a0\u00a0\u00a0\u00a0\u00a0\u00a0\u00a0\u00a0\u00a0\u00a0\u00a0\u00a0\u00a0\u00a0 15.33lbs19.25&#215;12.625&#215;14.375in<\/p>\n<p>67093\u00a0\u00a0\u00a0\u00a0\u00a0\u00a0\u00a0\u00a0\u00a0\u00a0\u00a0\u00a0\u00a0 XX-large Cintura 65\u201da 78\u201d\u00a0\u00a0\u00a0\u00a0\u00a0\u00a0\u00a0\u00a0\u00a0\u00a0\u00a0\u00a0\u00a0 60 Caja\u00a0\u00a0\u00a0\u00a0\u00a0\u00a0\u00a0\u00a0\u00a0\u00a0\u00a0\u00a0\u00a0\u00a0\u00a0\u00a0\u00a0 $49.99\u00a0\u00a0\u00a0\u00a0\u00a0\u00a0\u00a0\u00a0\u00a0\u00a0\u00a0\u00a0\u00a0\u00a0\u00a0\u00a0\u00a0\u00a0 12.8lbs\u00a0 19.75&#215;11.5&#215;13.25in<\/p>\n<p>67095\u00a0\u00a0\u00a0\u00a0\u00a0\u00a0\u00a0\u00a0\u00a0\u00a0\u00a0\u00a0\u00a0 XXX-large XXXX-large 74\u201da 100\u201d 32 Caja\u00a0\u00a0\u00a0\u00a0\u00a0\u00a0\u00a0\u00a0\u00a0\u00a0\u00a0\u00a0\u00a0\u00a0\u00a0\u00a0\u00a0 $64.99\u00a0\u00a0\u00a0\u00a0\u00a0\u00a0\u00a0\u00a0\u00a0\u00a0\u00a0\u00a0\u00a0\u00a0\u00a0\u00a0\u00a0\u00a0 9.10lb\u00a0\u00a0\u00a0 17.75&#215;9.75&#215;13.5in<\/p>\n","protected":false},"excerpt":{"rendered":"<p>Medtronic Covidien Wings Plus Quilted Adult Briefs proporcionan m\u00e1xima absorbencia que los hace ideales para la incontinencia fuerte. La combinaci\u00f3n de pol\u00edmeros s\u00faper absorbentes y una tira azul de sequedad de alto rendimiento lo hacen perfecto para los que mojan mucho y los que lo usan durante la noche. Su material como tela acolchonada en la parte posterior y laterales dan la sensaci\u00f3n suave y silenciosa ofrecen mayor comodidad y dignidad. La base del pa\u00f1al anat\u00f3micamente contorneada ofrece control m\u00e1ximo de absorbencia, sequedad y control de olor.<\/p>\n","protected":false},"featured_media":37013,"comment_status":"open","ping_status":"closed","template":"","meta":[],"product_brand":[],"product_cat":[163],"product_tag":[],"class_list":{"0":"post-37012","1":"product","2":"type-product","3":"status-publish","4":"has-post-thumbnail","6":"product_cat-incontinencia","7":"description-off","9":"first","10":"instock","11":"shipping-taxable","12":"purchasable","13":"product-type-variable"},"_links":{"self":[{"href":"https:\/\/www.abcmedicalpr.com\/index.php?rest_route=\/wp\/v2\/product\/37012","targetHints":{"allow":["GET"]}}],"collection":[{"href":"https:\/\/www.abcmedicalpr.com\/index.php?rest_route=\/wp\/v2\/product"}],"about":[{"href":"https:\/\/www.abcmedicalpr.com\/index.php?rest_route=\/wp\/v2\/types\/product"}],"replies":[{"embeddable":true,"href":"https:\/\/www.abcmedicalpr.com\/index.php?rest_route=%2Fwp%2Fv2%2Fcomments&post=37012"}],"wp:featuredmedia":[{"embeddable":true,"href":"https:\/\/www.abcmedicalpr.com\/index.php?rest_route=\/wp\/v2\/media\/37013"}],"wp:attachment":[{"href":"https:\/\/www.abcmedicalpr.com\/index.php?rest_route=%2Fwp%2Fv2%2Fmedia&parent=37012"}],"wp:term":[{"taxonomy":"product_brand","embeddable":true,"href":"https:\/\/www.abcmedicalpr.com\/index.php?rest_route=%2Fwp%2Fv2%2Fproduct_brand&post=37012"},{"taxonomy":"product_cat","embeddable":true,"href":"https:\/\/www.abcmedicalpr.com\/index.php?rest_route=%2Fwp%2Fv2%2Fproduct_cat&post=37012"},{"taxonomy":"product_tag","embeddable":true,"href":"https:\/\/www.abcmedicalpr.com\/index.php?rest_route=%2Fwp%2Fv2%2Fproduct_tag&post=37012"}],"curies":[{"name":"wp","href":"https:\/\/api.w.org\/{rel}","templated":true}]}}