{"id":36971,"date":"2019-06-06T00:35:05","date_gmt":"2019-06-06T00:35:05","guid":{"rendered":"https:\/\/www.abcmedicalpr.com\/?post_type=product&#038;p=36971"},"modified":"2019-06-08T14:47:29","modified_gmt":"2019-06-08T14:47:29","slug":"rio-ii-mask","status":"publish","type":"product","link":"https:\/\/www.abcmedicalpr.com\/?product=rio-ii-mask","title":{"rendered":"Rio II mask"},"content":{"rendered":"","protected":false},"excerpt":{"rendered":"<p>La Rio II &#x2122; se distingue de otras m\u00e1scaras esta pesa solo 2.3 onzas, incluye equipo para la cabeza, lo que lo convierte en la m\u00e1scara m\u00e1s ligera del mercado. La construcci\u00f3n de coj\u00edn de una pieza lo hace ideal para reabastecimiento con un reemplazo de coj\u00edn muy simple. La exclusiva bola giratoria en el z\u00f3calo giratorio ofrece una verdadera libertad de movimiento.<\/p>\n<p><strong>RII1000\u00a0\u00a0\u00a0\u00a0\u00a0\u00a0\u00a0 Rio II mask\u00a0 $74\u00a0\u00a0\u00a0\u00a0 0.7oz\u00a0 13 x 11<\/strong><\/p>\n<p><strong>Garant\u00eda: Garant\u00eda de los fabricantes de 90 d\u00edas.<\/strong><\/p>\n<p><strong>Peso de env\u00edo: 1 libra<\/strong><\/p>\n<p><strong>Coste de env\u00edo de los EEUU: libre<\/strong><\/p>\n<p><strong>\u00bfRX requerido ?: No, solo para m\u00e1scaras ensambladas completas<\/strong><\/p>\n<p><strong>C\u00f3digos de seguro: A7034<\/strong><\/p>\n<p><strong>Envios internacionales: si<\/strong><\/p>\n<p><strong>Estado: Nuevo<\/strong><\/p>\n","protected":false},"featured_media":36972,"comment_status":"open","ping_status":"closed","template":"","meta":[],"product_brand":[],"product_cat":[162,173],"product_tag":[],"class_list":{"0":"post-36971","1":"product","2":"type-product","3":"status-publish","4":"has-post-thumbnail","6":"product_cat-apnea-sueno","7":"product_cat-mascarillas","8":"description-off","10":"first","11":"instock","12":"shipping-taxable","13":"purchasable","14":"product-type-simple"},"_links":{"self":[{"href":"https:\/\/www.abcmedicalpr.com\/index.php?rest_route=\/wp\/v2\/product\/36971","targetHints":{"allow":["GET"]}}],"collection":[{"href":"https:\/\/www.abcmedicalpr.com\/index.php?rest_route=\/wp\/v2\/product"}],"about":[{"href":"https:\/\/www.abcmedicalpr.com\/index.php?rest_route=\/wp\/v2\/types\/product"}],"replies":[{"embeddable":true,"href":"https:\/\/www.abcmedicalpr.com\/index.php?rest_route=%2Fwp%2Fv2%2Fcomments&post=36971"}],"wp:featuredmedia":[{"embeddable":true,"href":"https:\/\/www.abcmedicalpr.com\/index.php?rest_route=\/wp\/v2\/media\/36972"}],"wp:attachment":[{"href":"https:\/\/www.abcmedicalpr.com\/index.php?rest_route=%2Fwp%2Fv2%2Fmedia&parent=36971"}],"wp:term":[{"taxonomy":"product_brand","embeddable":true,"href":"https:\/\/www.abcmedicalpr.com\/index.php?rest_route=%2Fwp%2Fv2%2Fproduct_brand&post=36971"},{"taxonomy":"product_cat","embeddable":true,"href":"https:\/\/www.abcmedicalpr.com\/index.php?rest_route=%2Fwp%2Fv2%2Fproduct_cat&post=36971"},{"taxonomy":"product_tag","embeddable":true,"href":"https:\/\/www.abcmedicalpr.com\/index.php?rest_route=%2Fwp%2Fv2%2Fproduct_tag&post=36971"}],"curies":[{"name":"wp","href":"https:\/\/api.w.org\/{rel}","templated":true}]}}