{"id":37128,"date":"2019-06-08T02:28:13","date_gmt":"2019-06-08T02:28:13","guid":{"rendered":"https:\/\/www.abcmedicalpr.com\/?page_id=37128"},"modified":"2019-06-15T11:58:00","modified_gmt":"2019-06-15T11:58:00","slug":"reparaciones","status":"publish","type":"page","link":"https:\/\/www.abcmedicalpr.com\/?page_id=37128","title":{"rendered":"Reparaciones"},"content":{"rendered":"<p>[vc_row][vc_column width=&#8221;1\/2&#8243;][vc_column_text]En ABC MEDICAL ofrecemos todo tipo de reparaci\u00f3n y certificaci\u00f3n de equipo m\u00e9dico. Nuestro equipo de reparaciones con m\u00e1s de 30 a\u00f1os de experiencia le ofrece la soluci\u00f3n a ese equipo que tanta falta le hace. Servicios b\u00e1sicos empiezan desde $50.00<\/p>\n<p>Reparamos los siguientes equipos:<\/p>\n<ul>\n<li>CONCENTRADORES DE OXIGENO<\/li>\n<li>MAQUINAS DE APNEA DEL SUE\u00d1O<\/li>\n<li>MAQUINAS DE SONOGRAMA<\/li>\n<li>MAQUINAS DE EKG<\/li>\n<li>ESFIGNOMANOMETROS<\/li>\n<li>ESTETOSCOPIOS<\/li>\n<li>SILLAS DE RUEDAS<\/li>\n<li>ANDADORES<\/li>\n<li>SILLAS DE RUEDAS MOTORIZADAS<\/li>\n<\/ul>\n<p>ORIENTESE Y LLAME PARA MAS INFORMACION 787-955-9898[\/vc_column_text][\/vc_column][vc_column width=&#8221;1\/2&#8243;][vc_column_text]<img loading=\"lazy\" decoding=\"async\" class=\"size-medium wp-image-37241 aligncenter\" src=\"https:\/\/www.abcmedicalpr.com\/wp-content\/uploads\/2019\/06\/image1-2-225x300.jpeg\" alt=\"\" width=\"225\" height=\"300\" srcset=\"https:\/\/www.abcmedicalpr.com\/wp-content\/uploads\/2019\/06\/image1-2-225x300.jpeg 225w, https:\/\/www.abcmedicalpr.com\/wp-content\/uploads\/2019\/06\/image1-2-600x800.jpeg 600w, https:\/\/www.abcmedicalpr.com\/wp-content\/uploads\/2019\/06\/image1-2-768x1024.jpeg 768w, https:\/\/www.abcmedicalpr.com\/wp-content\/uploads\/2019\/06\/image1-2.jpeg 1200w\" sizes=\"auto, (max-width: 225px) 100vw, 225px\" \/>[\/vc_column_text][\/vc_column][\/vc_row]<\/p>\n","protected":false},"excerpt":{"rendered":"<p>[vc_row][vc_column width=&#8221;1\/2&#8243;][vc_column_text]En ABC MEDICAL ofrecemos todo tipo de reparaci\u00f3n y certificaci\u00f3n de equipo m\u00e9dico. Nuestro equipo de reparaciones con m\u00e1s de 30 a\u00f1os de experiencia le ofrece la soluci\u00f3n a ese equipo que tanta falta le hace. Servicios b\u00e1sicos empiezan desde $50.00 Reparamos los siguientes equipos: CONCENTRADORES DE OXIGENO MAQUINAS DE APNEA DEL SUE\u00d1O MAQUINAS&hellip;<\/p>\n","protected":false},"author":1,"featured_media":0,"parent":0,"menu_order":0,"comment_status":"closed","ping_status":"closed","template":"","meta":[],"class_list":["post-37128","page","type-page","status-publish","hentry","description-off"],"_links":{"self":[{"href":"https:\/\/www.abcmedicalpr.com\/index.php?rest_route=\/wp\/v2\/pages\/37128","targetHints":{"allow":["GET"]}}],"collection":[{"href":"https:\/\/www.abcmedicalpr.com\/index.php?rest_route=\/wp\/v2\/pages"}],"about":[{"href":"https:\/\/www.abcmedicalpr.com\/index.php?rest_route=\/wp\/v2\/types\/page"}],"author":[{"embeddable":true,"href":"https:\/\/www.abcmedicalpr.com\/index.php?rest_route=\/wp\/v2\/users\/1"}],"replies":[{"embeddable":true,"href":"https:\/\/www.abcmedicalpr.com\/index.php?rest_route=%2Fwp%2Fv2%2Fcomments&post=37128"}],"version-history":[{"count":5,"href":"https:\/\/www.abcmedicalpr.com\/index.php?rest_route=\/wp\/v2\/pages\/37128\/revisions"}],"predecessor-version":[{"id":37242,"href":"https:\/\/www.abcmedicalpr.com\/index.php?rest_route=\/wp\/v2\/pages\/37128\/revisions\/37242"}],"wp:attachment":[{"href":"https:\/\/www.abcmedicalpr.com\/index.php?rest_route=%2Fwp%2Fv2%2Fmedia&parent=37128"}],"curies":[{"name":"wp","href":"https:\/\/api.w.org\/{rel}","templated":true}]}}