{"id":14805,"date":"2014-04-23T14:50:39","date_gmt":"2014-04-23T11:50:39","guid":{"rendered":"http:\/\/the7.dream-demo.com\/?page_id=14805"},"modified":"2020-07-08T11:22:30","modified_gmt":"2020-07-08T11:22:30","slug":"about-shop","status":"publish","type":"page","link":"https:\/\/www.abcmedicalpr.com\/?page_id=14805","title":{"rendered":"Sobre Nosotros"},"content":{"rendered":"<p>[vc_row type=&#8221;vc_default&#8221; margin_bottom=&#8221;10&#8243; css=&#8221;.vc_custom_1491988711759{padding-top: 60px !important;padding-bottom: 20px !important;}&#8221;][vc_column offset=&#8221;vc_col-lg-8 vc_col-md-8 vc_col-xs-12&#8243; css=&#8221;.vc_custom_1491988718573{padding-bottom: 50px !important;}&#8221;]<div id=\"ultimate-heading-44526a05d781d6a62\" class=\"uvc-heading ult-adjust-bottom-margin ultimate-heading-44526a05d781d6a62 uvc-4604 \" data-hspacer=\"line_with_icon\" data-hline_width=\"230\" data-hicon_type=\"selector\" data-hborder_style=\"solid\" data-hborder_height=\"2\" data-hborder_color=\"rgba(199,199,199,0.65)\" data-icon_width=\"14\" data-hfixer=\"10\"  data-halign=\"center\" style=\"text-align:center\"><div class=\"uvc-main-heading ult-responsive\"  data-ultimate-target='.uvc-heading.ultimate-heading-44526a05d781d6a62 h2'  data-responsive-json-new='{\"font-size\":\"desktop:20px;\",\"line-height\":\"desktop:30px;\"}' ><h2 style=\"font-weight:bold;\">ABC MEDICAL<\/h2><\/div><div class=\"uvc-heading-spacer line_with_icon\" style=\"margin-bottom:40px;height:14px;\"><div class=\"ult-just-icon-wrapper  \"><div class=\"align-icon\" style=\"text-align:center;\">\n<div class=\"aio-icon none \"  style=\"color:rgba(199,199,199,0.7);font-size:14px;display:inline-block;\">\n\t<i class=\"icomoon-font-awesome-14x14-star\"><\/i>\n<\/div><\/div><\/div><\/div><\/div>[vc_column_text]ABC MEDICAL es una compa\u00f1\u00eda con mas de 25 a\u00f1os de experiencia en el campo de los suplidos y equipos m\u00e9dicos. En nuestras facilidades ubicadas en la 712 de la Ave Ponce de Le\u00f3n en San Juan Puerto Rico frente al hospital Auxilio Mutuo \u00a0puedes encontrar todo lo que la tienda virtual ofrece adem\u00e1s\u00a0 de todo suplido para pacientes y oficinas medicas, cl\u00ednicas de est\u00e9tica, terapia f\u00edsica, escuelas, hogar de ancianos, tatoo parlors y muchos m\u00e1s.<\/p>\n<p>Nos especializamos en suplido de \u00falceras, colostom\u00edas, incontinencia, medias de compresi\u00f3n, sillas de ruedas, \u00a0sillas motorizadas, equipo respiratorio y una gran selecci\u00f3n de ort\u00f3ticos y otros equipos para una mejor calidad de vida y cuidado al paciente.<\/p>\n<p>ABC MEDICAL es un centro de reparaci\u00f3n autorizado para 3M Littmann y 3B Medical contamos con un equipo de trabajo certificado en reparaciones de equipos m\u00e9dicos\u00a0 responsable de la reparaci\u00f3n y certificaci\u00f3n de cualquier equipo m\u00e9dico.<\/p>\n<p>Vis\u00edtanos en nuestra facilidad f\u00edsica en el horario de 8:00am a 5:00pm de lunes a viernes, s\u00e1bados cerrados y domingos de 10:00am a 3:00pm<\/p>\n<p>Llame para orientarse, si no ve lo que est\u00e1 buscando, llame al 787-955-9898 y le atenderemos con mucho gusto.[\/vc_column_text][\/vc_column][vc_column offset=&#8221;vc_col-lg-4 vc_col-md-4 vc_col-xs-12&#8243; css=&#8221;.vc_custom_1491989391336{padding-bottom: 50px !important;}&#8221;]<div id=\"ultimate-heading-74366a05d781d6af5\" class=\"uvc-heading ult-adjust-bottom-margin ultimate-heading-74366a05d781d6af5 uvc-7677 \" data-hspacer=\"line_with_icon\" data-hline_width=\"230\" data-hicon_type=\"selector\" data-hborder_style=\"solid\" data-hborder_height=\"2\" data-hborder_color=\"rgba(199,199,199,0.65)\" data-icon_width=\"14\" data-hfixer=\"10\"  data-halign=\"center\" style=\"text-align:center\"><div class=\"uvc-main-heading ult-responsive\"  data-ultimate-target='.uvc-heading.ultimate-heading-74366a05d781d6af5 h2'  data-responsive-json-new='{\"font-size\":\"desktop:20px;\",\"line-height\":\"desktop:30px;\"}' ><h2 style=\"font-weight:bold;\">EXPERIENCIA<\/h2><\/div><div class=\"uvc-heading-spacer line_with_icon\" style=\"margin-bottom:40px;height:14px;\"><div class=\"ult-just-icon-wrapper  \"><div class=\"align-icon\" style=\"text-align:center;\">\n<div class=\"aio-icon none \"  style=\"color:rgba(199,199,199,0.7);font-size:14px;display:inline-block;\">\n\t<i class=\"icomoon-font-awesome-14x14-star\"><\/i>\n<\/div><\/div><\/div><\/div><\/div>[vc_progress_bar values=&#8221;%5B%7B%22label%22%3A%22Servicios%20-%2030%20a%C3%B1os%22%2C%22value%22%3A%2290%22%7D%2C%7B%22label%22%3A%22Reparaciones%20-%2025%20a%C3%B1os%22%2C%22value%22%3A%2280%22%7D%2C%7B%22label%22%3A%22Apnea%20del%20sue%C3%B1o%20-%2025%20a%C3%B1os%22%2C%22value%22%3A%2280%22%7D%2C%7B%22label%22%3A%22Colostom%C3%ADa%20-%2010%20a%C3%B1os%22%2C%22value%22%3A%2240%22%7D%2C%7B%22label%22%3A%22Ulceras%20-%2010%20a%C3%B1os%22%2C%22value%22%3A%2240%22%7D%5D&#8221; options=&#8221;striped,animated&#8221; caption_pos=&#8221;top&#8221; bgstyle=&#8221;transparent&#8221;][\/vc_column][\/vc_row][vc_row disable_element=&#8221;yes&#8221; bg_type=&#8221;bg_color&#8221; bg_override=&#8221;ex-full&#8221; type=&#8221;vc_default&#8221; margin_bottom=&#8221;-30&#8243; full_width_padding_left=&#8221;40&#8243; full_width_padding_right=&#8221;40&#8243; full_width_margin_top=&#8221;0&#8243; full_width_margin_bottom=&#8221;0&#8243; css=&#8221;.vc_custom_1559961748924{padding-top: 60px !important;padding-bottom: 20px !important;}&#8221; bg_color_value=&#8221;#f3f3f5&#8243;][vc_column]<div id=\"ultimate-heading-34376a05d781d6b70\" class=\"uvc-heading ult-adjust-bottom-margin ultimate-heading-34376a05d781d6b70 uvc-1632 \" data-hspacer=\"line_with_icon\" data-hline_width=\"230\" data-hicon_type=\"selector\" data-hborder_style=\"solid\" data-hborder_height=\"2\" data-hborder_color=\"rgba(199,199,199,0.65)\" data-icon_width=\"14\" data-hfixer=\"10\"  data-halign=\"center\" style=\"text-align:center\"><div class=\"uvc-main-heading ult-responsive\"  data-ultimate-target='.uvc-heading.ultimate-heading-34376a05d781d6b70 h2'  data-responsive-json-new='{\"font-size\":\"desktop:20px;\",\"line-height\":\"desktop:30px;\"}' ><h2 style=\"font-weight:bold;\">WHY CHOOSE ABC MEDICAL<\/h2><\/div><div class=\"uvc-heading-spacer line_with_icon\" style=\"margin-bottom:40px;height:14px;\"><div class=\"ult-just-icon-wrapper  \"><div class=\"align-icon\" style=\"text-align:center;\">\n<div class=\"aio-icon none \"  style=\"color:rgba(199,199,199,0.7);font-size:14px;display:inline-block;\">\n\t<i class=\"icomoon-font-awesome-14x14-star\"><\/i>\n<\/div><\/div><\/div><\/div><\/div>[\/vc_column][vc_column css=&#8221;.vc_custom_1491988685013{padding-bottom: 50px !important;}&#8221; offset=&#8221;vc_col-lg-4 vc_col-md-4&#8243;][vc_column_text css=&#8221;.vc_custom_1491988774296{padding-bottom: 20px !important;}&#8221;]Etiam facilisis eu nisi faucibus. Proin semper suscipit magna nec imperdiet.[\/vc_column_text]<div class=\"standard-number-list\"><ul>\n<li>Curabitur pellen fore\u044b neque eget diam.<\/li>\n<li>Quisquenulla at nunc glavrida lacinia.<\/li>\n<li>Proin dolor porta feugiat nibh.<\/li>\n<li>Dolor for nulla nunc vehicula glavrida amet.<\/li>\n<li>Hendre ritnisl libero ante fringilla.<\/li>\n<\/ul>\n<\/div>[\/vc_column][vc_column css=&#8221;.vc_custom_1491988680090{padding-bottom: 50px !important;}&#8221; offset=&#8221;vc_col-lg-8 vc_col-md-8&#8243;][vc_row_inner equal_height=&#8221;yes&#8221; disable_element=&#8221;yes&#8221; css=&#8221;.vc_custom_1559961760876{margin-bottom: -20px !important;}&#8221;][vc_column_inner width=&#8221;1\/2&#8243; css=&#8221;.vc_custom_1491988806352{padding-bottom: 20px !important;}&#8221;]<div class=\"aio-icon-component  vc_custom_1491988227869  accent-icon-bg style_1\"><div id=\"Info-box-wrap-7585\" class=\"aio-icon-box left-icon\" style=\"\"  ><div class=\"aio-icon-left\"><div class=\"ult-just-icon-wrapper  \"><div class=\"align-icon\" style=\"text-align:center;\">\n<div class=\"aio-icon advanced \"  style=\"color:#ffffff;border-style:;border-color:#333333;border-width:1px;width:50px;height:50px;line-height:50px;border-radius:500px;font-size:28px;display:inline-block;\">\n\t<i class=\"icomoon-font-awesome-14x14-flag\"><\/i>\n<\/div><\/div><\/div><\/div><div class=\"aio-ibd-block\"><div class=\"aio-icon-header\" ><h3 class=\"aio-icon-title ult-responsive\"  data-ultimate-target='#Info-box-wrap-7585 .aio-icon-title'  data-responsive-json-new='{\"font-size\":\"desktop:20px;\",\"line-height\":\"desktop:30px;\"}'  style=\"font-weight:bold;\">Vivamus ut ultricies ante<\/h3><\/div> <!-- header --><div class=\"aio-icon-description ult-responsive\"  data-ultimate-target='#Info-box-wrap-7585 .aio-icon-description'  data-responsive-json-new='{\"font-size\":\"\",\"line-height\":\"\"}'  style=\"\">Lorem usce volutpat lectus justo, ut suscipit felis congue ut. Vivamus ut ultricies ante.<\/div> <!-- description --><\/div> <!-- aio-ibd-block --><\/div> <!-- aio-icon-box --><\/div> <!-- aio-icon-component -->[\/vc_column_inner][vc_column_inner width=&#8221;1\/2&#8243; css=&#8221;.vc_custom_1476046188603{padding-bottom: 20px !important;}&#8221;]<div class=\"aio-icon-component  vc_custom_1491988248096  accent-icon-bg style_1\"><div id=\"Info-box-wrap-9101\" class=\"aio-icon-box left-icon\" style=\"\"  ><div class=\"aio-icon-left\"><div class=\"ult-just-icon-wrapper  \"><div class=\"align-icon\" style=\"text-align:center;\">\n<div class=\"aio-icon advanced \"  style=\"color:#ffffff;border-style:;border-color:#333333;border-width:1px;width:50px;height:50px;line-height:50px;border-radius:500px;font-size:28px;display:inline-block;\">\n\t<i class=\"icomoon-font-awesome-14x14-gift\"><\/i>\n<\/div><\/div><\/div><\/div><div class=\"aio-ibd-block\"><div class=\"aio-icon-header\" ><h3 class=\"aio-icon-title ult-responsive\"  data-ultimate-target='#Info-box-wrap-9101 .aio-icon-title'  data-responsive-json-new='{\"font-size\":\"desktop:20px;\",\"line-height\":\"desktop:30px;\"}'  style=\"font-weight:bold;\">Lorem ipsum dolor<\/h3><\/div> <!-- header --><div class=\"aio-icon-description ult-responsive\"  data-ultimate-target='#Info-box-wrap-9101 .aio-icon-description'  data-responsive-json-new='{\"font-size\":\"\",\"line-height\":\"\"}'  style=\"\">Ut sit amet semper ligula, non ullamcorper. Proin eget ex convallis &#8211; lobortis quam ac, auctor quam.<\/div> <!-- description --><\/div> <!-- aio-ibd-block --><\/div> <!-- aio-icon-box --><\/div> <!-- aio-icon-component -->[\/vc_column_inner][vc_column_inner width=&#8221;1\/2&#8243; css=&#8221;.vc_custom_1476046199783{padding-bottom: 20px !important;}&#8221;]<div class=\"aio-icon-component  vc_custom_1491988237021  accent-icon-bg style_1\"><div id=\"Info-box-wrap-6024\" class=\"aio-icon-box left-icon\" style=\"\"  ><div class=\"aio-icon-left\"><div class=\"ult-just-icon-wrapper  \"><div class=\"align-icon\" style=\"text-align:center;\">\n<div class=\"aio-icon advanced \"  style=\"color:#ffffff;border-style:;border-color:#333333;border-width:1px;width:50px;height:50px;line-height:50px;border-radius:500px;font-size:28px;display:inline-block;\">\n\t<i class=\"icomoon-font-awesome-14x14-group users\"><\/i>\n<\/div><\/div><\/div><\/div><div class=\"aio-ibd-block\"><div class=\"aio-icon-header\" ><h3 class=\"aio-icon-title ult-responsive\"  data-ultimate-target='#Info-box-wrap-6024 .aio-icon-title'  data-responsive-json-new='{\"font-size\":\"desktop:20px;\",\"line-height\":\"desktop:30px;\"}'  style=\"font-weight:bold;\">Dolor amet glavrida<\/h3><\/div> <!-- header --><div class=\"aio-icon-description ult-responsive\"  data-ultimate-target='#Info-box-wrap-6024 .aio-icon-description'  data-responsive-json-new='{\"font-size\":\"\",\"line-height\":\"\"}'  style=\"\">Dolor\u00a0vel mauris justo. Ut sit amet semper ligula, non arcu. Proin eget ex convallis, lobortis.<\/div> <!-- description --><\/div> <!-- aio-ibd-block --><\/div> <!-- aio-icon-box --><\/div> <!-- aio-icon-component -->[\/vc_column_inner][vc_column_inner width=&#8221;1\/2&#8243; css=&#8221;.vc_custom_1476046204856{padding-bottom: 20px !important;}&#8221;]<div class=\"aio-icon-component  vc_custom_1491988261953  accent-icon-bg style_1\"><div id=\"Info-box-wrap-2935\" class=\"aio-icon-box left-icon\" style=\"\"  ><div class=\"aio-icon-left\"><div class=\"ult-just-icon-wrapper  \"><div class=\"align-icon\" style=\"text-align:center;\">\n<div class=\"aio-icon advanced \"  style=\"color:#ffffff;border-style:;border-color:#333333;border-width:1px;width:50px;height:50px;line-height:50px;border-radius:500px;font-size:28px;display:inline-block;\">\n\t<i class=\"icomoon-font-awesome-14x14-calendar\"><\/i>\n<\/div><\/div><\/div><\/div><div class=\"aio-ibd-block\"><div class=\"aio-icon-header\" ><h3 class=\"aio-icon-title ult-responsive\"  data-ultimate-target='#Info-box-wrap-2935 .aio-icon-title'  data-responsive-json-new='{\"font-size\":\"desktop:20px;\",\"line-height\":\"desktop:30px;\"}'  style=\"font-weight:bold;\">Bibendum placerat turpis<\/h3><\/div> <!-- header --><div class=\"aio-icon-description ult-responsive\"  data-ultimate-target='#Info-box-wrap-2935 .aio-icon-description'  data-responsive-json-new='{\"font-size\":\"\",\"line-height\":\"\"}'  style=\"\">Aliquam erat volutpat. Nunc ut &#8211;\u00a0dictum purus vel ante ac purus sollicitudin dictum id sed ipsum.<\/div> <!-- description --><\/div> <!-- aio-ibd-block --><\/div> <!-- aio-icon-box --><\/div> <!-- aio-icon-component -->[\/vc_column_inner][\/vc_row_inner][\/vc_column][\/vc_row][vc_row disable_element=&#8221;yes&#8221; type=&#8221;vc_default&#8221; margin_bottom=&#8221;30&#8243; full_width_padding_left=&#8221;40&#8243; full_width_padding_right=&#8221;40&#8243; full_width_margin_top=&#8221;0&#8243; full_width_margin_bottom=&#8221;0&#8243; css=&#8221;.vc_custom_1559961771894{padding-top: 60px !important;padding-bottom: 70px !important;}&#8221;][vc_column]<div id=\"ultimate-heading-4136a05d781d6e95\" class=\"uvc-heading ult-adjust-bottom-margin ultimate-heading-4136a05d781d6e95 uvc-1092 \" data-hspacer=\"line_with_icon\" data-hline_width=\"230\" data-hicon_type=\"selector\" data-hborder_style=\"solid\" data-hborder_height=\"2\" data-hborder_color=\"rgba(199,199,199,0.65)\" data-icon_width=\"14\" data-hfixer=\"10\"  data-halign=\"center\" style=\"text-align:center\"><div class=\"uvc-main-heading ult-responsive\"  data-ultimate-target='.uvc-heading.ultimate-heading-4136a05d781d6e95 h2'  data-responsive-json-new='{\"font-size\":\"desktop:20px;\",\"line-height\":\"desktop:30px;\"}' ><h2 style=\"font-weight:bold;\">BRANDS WE WORK WITH<\/h2><\/div><div class=\"uvc-heading-spacer line_with_icon\" style=\"margin-bottom:40px;height:14px;\"><div class=\"ult-just-icon-wrapper  \"><div class=\"align-icon\" style=\"text-align:center;\">\n<div class=\"aio-icon none \"  style=\"color:rgba(199,199,199,0.7);font-size:14px;display:inline-block;\">\n\t<i class=\"icomoon-font-awesome-14x14-star\"><\/i>\n<\/div><\/div><\/div><\/div><\/div><style type=\"text\/css\" data-type=\"the7_shortcodes-inline-css\">.carousel-shortcode.carousel-shortcode-id-b7b7f0ee7b745b1d9e5b7e76d36cc681 .owl-nav a {\n  width: 22px;\n  height: 60px;\n  border-radius: 0px;\n}\n.dt-arrow-border-on.carousel-shortcode.carousel-shortcode-id-b7b7f0ee7b745b1d9e5b7e76d36cc681 .owl-nav a:not(:hover):before {\n  border-width: 2px;\n}\n.dt-arrow-hover-border-on.carousel-shortcode.carousel-shortcode-id-b7b7f0ee7b745b1d9e5b7e76d36cc681 .owl-nav a:hover:after {\n  border-width: 2px;\n}\n.carousel-shortcode.carousel-shortcode-id-b7b7f0ee7b745b1d9e5b7e76d36cc681 .owl-nav a.owl-prev {\n  top: 50%;\n  transform: translateY(calc(-50% + 0px));\n  left: -55px;\n}\n@media all and (-ms-high-contrast: none) {\n  .carousel-shortcode.carousel-shortcode-id-b7b7f0ee7b745b1d9e5b7e76d36cc681 .owl-nav a.owl-prev {\n    transform: translateY(-50%);\n    margin-top: 0px;\n  }\n}\n.carousel-shortcode.carousel-shortcode-id-b7b7f0ee7b745b1d9e5b7e76d36cc681 .owl-nav a.owl-prev i {\n  padding: 0px 0px 0px 0px;\n}\n.carousel-shortcode.carousel-shortcode-id-b7b7f0ee7b745b1d9e5b7e76d36cc681 .owl-nav a.owl-next {\n  top: 50%;\n  transform: translateY(calc(-50% + 0px));\n  right: -55px;\n}\n@media all and (-ms-high-contrast: none) {\n  .carousel-shortcode.carousel-shortcode-id-b7b7f0ee7b745b1d9e5b7e76d36cc681 .owl-nav a.owl-next {\n    transform: translateY(-50%);\n    margin-top: 0px;\n  }\n}\n.carousel-shortcode.carousel-shortcode-id-b7b7f0ee7b745b1d9e5b7e76d36cc681 .owl-nav a.owl-next i {\n  padding: 0px 0px 0px 0px;\n}\n.carousel-shortcode.carousel-shortcode-id-b7b7f0ee7b745b1d9e5b7e76d36cc681 .owl-nav i {\n  font-size: 13px;\n}\n.carousel-shortcode.carousel-shortcode-id-b7b7f0ee7b745b1d9e5b7e76d36cc681 .owl-nav a:hover i,\n.carousel-shortcode.carousel-shortcode-id-b7b7f0ee7b745b1d9e5b7e76d36cc681 .owl-nav a:hover i:before {\n  color: #ffffff;\n  background: none;\n}\n.carousel-shortcode.carousel-shortcode-id-b7b7f0ee7b745b1d9e5b7e76d36cc681 .owl-dots {\n  top: calc(100% + 20px);\n  left: 50%;\n  transform: translateX(calc(-50% + 0px));\n}\n@media all and (-ms-high-contrast: none) {\n  .carousel-shortcode.carousel-shortcode-id-b7b7f0ee7b745b1d9e5b7e76d36cc681 .owl-dots {\n    transform: translateX(-50%);\n    margin-left: 0px;\n  }\n}\n.carousel-shortcode.carousel-shortcode-id-b7b7f0ee7b745b1d9e5b7e76d36cc681 .owl-dot {\n  width: 10px;\n  height: 10px;\n  margin: 0 8px;\n}\n@media screen and (max-width: 778px) {\n  .carousel-shortcode.carousel-shortcode-id-b7b7f0ee7b745b1d9e5b7e76d36cc681.hide-arrows .owl-nav a {\n    display: none;\n  }\n}\n@media screen and (max-width: 990px) {\n  .carousel-shortcode.carousel-shortcode-id-b7b7f0ee7b745b1d9e5b7e76d36cc681.reposition-arrows .owl-nav .owl-prev {\n    top: 50%;\n    transform: translateY(calc(-50% + 0px));\n    left: 10px;\n  }\n  .carousel-shortcode.carousel-shortcode-id-b7b7f0ee7b745b1d9e5b7e76d36cc681.reposition-arrows .owl-nav .owl-next {\n    top: 50%;\n    transform: translateY(calc(-50% + 0px));\n    right: 10px;\n  }\n}\n@media screen and (max-width: 990px) and all and (-ms-high-contrast: none) {\n  .carousel-shortcode.carousel-shortcode-id-b7b7f0ee7b745b1d9e5b7e76d36cc681.reposition-arrows .owl-nav .owl-prev {\n    transform: translateY(-50%);\n    margin-top: 0px;\n  }\n}\n@media screen and (max-width: 990px) and all and (-ms-high-contrast: none) {\n  .carousel-shortcode.carousel-shortcode-id-b7b7f0ee7b745b1d9e5b7e76d36cc681.reposition-arrows .owl-nav .owl-next {\n    transform: translateY(-50%);\n    margin-top: 0px;\n  }\n}\n<\/style><div class=\"owl-carousel carousel-shortcode dt-owl-carousel-call carousel-shortcode-id-b7b7f0ee7b745b1d9e5b7e76d36cc681 bullets-small-dot-stroke reposition-arrows arrows-bg-off dt-arrow-border-on dt-arrow-hover-border-on disable-arrows-hover-bg arrows-hover-bg-on  vc_custom_1491989219917 \" data-scroll-mode=\"1\" data-col-num=\"6\" data-wide-col-num=\"4\" data-laptop-col=\"5\" data-h-tablet-columns-num=\"4\" data-v-tablet-columns-num=\"3\" data-phone-columns-num=\"2\" data-auto-height=\"true\" data-col-gap=\"30\" data-speed=\"600\" data-autoplay=\"false\" data-autoplay_speed=\"6000\" data-arrows=\"true\" data-bullet=\"false\" data-next-icon=\"icon-ar-017-r\" data-prev-icon=\"icon-ar-017-l\">[vc_single_image image=&#8221;22088&#8243; img_size=&#8221;300&#215;200&#8243; onclick=&#8221;custom_link&#8221; img_link_target=&#8221;_blank&#8221; image_hovers=&#8221;false&#8221; lazy_loading=&#8221;true&#8221;][vc_single_image image=&#8221;22083&#8243; img_size=&#8221;300&#215;200&#8243; onclick=&#8221;custom_link&#8221; img_link_target=&#8221;_blank&#8221; image_hovers=&#8221;false&#8221; lazy_loading=&#8221;true&#8221;][vc_single_image image=&#8221;22082&#8243; img_size=&#8221;300&#215;200&#8243; onclick=&#8221;custom_link&#8221; img_link_target=&#8221;_blank&#8221; image_hovers=&#8221;false&#8221; lazy_loading=&#8221;true&#8221;][vc_single_image image=&#8221;22081&#8243; img_size=&#8221;300&#215;200&#8243; onclick=&#8221;custom_link&#8221; img_link_target=&#8221;_blank&#8221; image_hovers=&#8221;false&#8221; lazy_loading=&#8221;true&#8221;][vc_single_image image=&#8221;22080&#8243; img_size=&#8221;300&#215;200&#8243; onclick=&#8221;custom_link&#8221; img_link_target=&#8221;_blank&#8221; image_hovers=&#8221;false&#8221; lazy_loading=&#8221;true&#8221;][vc_single_image image=&#8221;22079&#8243; img_size=&#8221;300&#215;200&#8243; onclick=&#8221;custom_link&#8221; img_link_target=&#8221;_blank&#8221; image_hovers=&#8221;false&#8221; lazy_loading=&#8221;true&#8221;][vc_single_image image=&#8221;22078&#8243; img_size=&#8221;300&#215;200&#8243; onclick=&#8221;custom_link&#8221; img_link_target=&#8221;_blank&#8221; image_hovers=&#8221;false&#8221; lazy_loading=&#8221;true&#8221;]<\/div>[\/vc_column][\/vc_row]<\/p>\n","protected":false},"excerpt":{"rendered":"<p>[vc_row type=&#8221;vc_default&#8221; margin_bottom=&#8221;10&#8243; css=&#8221;.vc_custom_1491988711759{padding-top: 60px !important;padding-bottom: 20px !important;}&#8221;][vc_column offset=&#8221;vc_col-lg-8 vc_col-md-8 vc_col-xs-12&#8243; css=&#8221;.vc_custom_1491988718573{padding-bottom: 50px !important;}&#8221;][vc_column_text]ABC MEDICAL es una compa\u00f1\u00eda con mas de 25 a\u00f1os de experiencia en el campo de los suplidos y equipos m\u00e9dicos. En nuestras facilidades ubicadas en la 712 de la Ave Ponce de Le\u00f3n en San Juan Puerto Rico frente al hospital&hellip;<\/p>\n","protected":false},"author":1,"featured_media":0,"parent":0,"menu_order":940,"comment_status":"closed","ping_status":"closed","template":"","meta":[],"class_list":["post-14805","page","type-page","status-publish","hentry","description-off"],"_links":{"self":[{"href":"https:\/\/www.abcmedicalpr.com\/index.php?rest_route=\/wp\/v2\/pages\/14805","targetHints":{"allow":["GET"]}}],"collection":[{"href":"https:\/\/www.abcmedicalpr.com\/index.php?rest_route=\/wp\/v2\/pages"}],"about":[{"href":"https:\/\/www.abcmedicalpr.com\/index.php?rest_route=\/wp\/v2\/types\/page"}],"author":[{"embeddable":true,"href":"https:\/\/www.abcmedicalpr.com\/index.php?rest_route=\/wp\/v2\/users\/1"}],"replies":[{"embeddable":true,"href":"https:\/\/www.abcmedicalpr.com\/index.php?rest_route=%2Fwp%2Fv2%2Fcomments&post=14805"}],"version-history":[{"count":9,"href":"https:\/\/www.abcmedicalpr.com\/index.php?rest_route=\/wp\/v2\/pages\/14805\/revisions"}],"predecessor-version":[{"id":37331,"href":"https:\/\/www.abcmedicalpr.com\/index.php?rest_route=\/wp\/v2\/pages\/14805\/revisions\/37331"}],"wp:attachment":[{"href":"https:\/\/www.abcmedicalpr.com\/index.php?rest_route=%2Fwp%2Fv2%2Fmedia&parent=14805"}],"curies":[{"name":"wp","href":"https:\/\/api.w.org\/{rel}","templated":true}]}}